{"id":177,"date":"2014-07-31T15:05:14","date_gmt":"2014-07-31T13:05:14","guid":{"rendered":"http:\/\/localhost\/wordpress\/?page_id=177"},"modified":"2020-09-27T10:08:22","modified_gmt":"2020-09-27T08:08:22","slug":"rada-solecka","status":"publish","type":"page","link":"https:\/\/www.swietoszowice.pl\/?page_id=177","title":{"rendered":"Rada So\u0142ecka"},"content":{"rendered":"<h3>So\u0142tys:<\/h3>\n<p>Krzysztof Kowolik<\/p>\n<h3>Sk\u0142ad Rady So\u0142eckiej:<\/h3>\n<p>Andrzej Bobe\u0142<\/p>\n<p>Katarzyna Cichorowska<\/p>\n<p>Damian Michalik<\/p>\n<p>Henryk Malon<\/p>\n<p>Krystian Suchanek<\/p>\n<p>Irena \u015awierzy\u0144ska<\/p>\n<h3>Dy\u017cur:<\/h3>\n<p>&nbsp;<\/p>\n<h3>Kontakt &#8211;&nbsp;<a title=\"Kontakt\" href=\"https:\/\/www.swietoszowice.pl\/?page_id=71\" target=\"_blank\" rel=\"noopener noreferrer\"><strong>Formularz kontaktowy<\/strong><\/a><\/h3>\n<h3>Korespondencja:<\/h3>\n<p><a href=\"https:\/\/www.swietoszowice.pl\/wp-content\/uploads\/2015\/09\/20090708.pdf\">20090708<\/a><br><a href=\"https:\/\/www.swietoszowice.pl\/wp-content\/uploads\/2015\/09\/20090720.pdf\">20090720<\/a><br><a href=\"https:\/\/www.swietoszowice.pl\/wp-content\/uploads\/2015\/09\/20090923.pdf\">20090923<\/a><br><a href=\"https:\/\/www.swietoszowice.pl\/wp-content\/uploads\/2015\/09\/20091106.pdf\">20091106<\/a><br><a href=\"https:\/\/www.swietoszowice.pl\/wp-content\/uploads\/2015\/09\/20111121_i_Inne.pdf\">20111121_i_Inne<\/a><br><a href=\"https:\/\/www.swietoszowice.pl\/wp-content\/uploads\/2015\/09\/20120522.pdf\">20120522<\/a><br><a href=\"https:\/\/www.swietoszowice.pl\/wp-content\/uploads\/2015\/09\/20131018.pdf\">20131018<\/a><br><a href=\"https:\/\/www.swietoszowice.pl\/wp-content\/uploads\/2015\/09\/20131024.pdf\">20131024<\/a><br><a href=\"https:\/\/www.swietoszowice.pl\/wp-content\/uploads\/2015\/09\/20140114.pdf\">20140114<\/a><br><a href=\"https:\/\/www.swietoszowice.pl\/wp-content\/uploads\/2014\/12\/20140109_Odpowied\u017c_SP.pdf\">2014.01.09 &#8211; Odpowied\u017a Mariana Szukalskiego w sprawie ulicy Mikulczyckiej<\/a><br><a href=\"https:\/\/www.swietoszowice.pl\/wp-content\/uploads\/2014\/12\/20140204_Projekt_Zapytanie.pdf\">2014.02.04 &#8211; Projekt zapytania ofertowego &#8211; wiata<\/a><br><a href=\"https:\/\/www.swietoszowice.pl\/wp-content\/uploads\/2014\/12\/20140204_Zapytanie_Ofertowe.pdf\">2014.02.04 &#8211; Zapytanie ofertowe &#8211; wiata<\/a><br><a href=\"https:\/\/www.swietoszowice.pl\/wp-content\/uploads\/2014\/12\/20140211_ZDP.pdf\">2014.02.11 &#8211; Pismo w sprawie ulicy Mikulczyckiej<\/a><br><a href=\"https:\/\/www.swietoszowice.pl\/wp-content\/uploads\/2014\/12\/20140217_Oferta_Wiata_02.pdf\">2014.02.17 &#8211; Oferta na wykonanie wiaty<\/a><br><a href=\"https:\/\/www.swietoszowice.pl\/wp-content\/uploads\/2014\/12\/20140301_Oferta_Wiata_01.pdf\">2014.03.01 &#8211; Oferta na wykonanie wiaty<\/a><br><a href=\"https:\/\/www.swietoszowice.pl\/wp-content\/uploads\/2014\/12\/20140312_Pismo_Droga_Powiatowa.pdf\">2014.03.11 &#8211; Pismo w sprawie ulicy Mikulczyckiej<\/a><br><a href=\"https:\/\/www.swietoszowice.pl\/wp-content\/uploads\/2014\/12\/20140314_Umowa_Wiata.pdf\">2014.03.14 &#8211; Umowa w sprawie wiaty na placu zabaw<\/a><br><a href=\"https:\/\/www.swietoszowice.pl\/wp-content\/uploads\/2014\/12\/20140526_Obwieszczenie.pdf\">2014.05.26 &#8211; Obwieszczenie o powt\u00f3rzeniu oceny oddzia\u0142ywania na \u015brodowisko<\/a><br><a href=\"https:\/\/www.swietoszowice.pl\/wp-content\/uploads\/2014\/12\/20140623_Wnioski_Bud\u017cet_SP_TG.pdf\">2014.06.23 &#8211; Wnioski do bud\u017cetu Starostwa Powiatowego na 2015 r.<\/a><br><a href=\"https:\/\/www.swietoszowice.pl\/wp-content\/uploads\/2014\/12\/20140704_Zaproszenie_Konkurs_Koron.pdf\">2014.07.04 &#8211; Zaproszenie na wystaw\u0119 koron \u017cniwnych<\/a><br><a href=\"https:\/\/www.swietoszowice.pl\/wp-content\/uploads\/2014\/12\/20140718_Obwieszczenie_Studium.pdf\">2014.07.18 &#8211; Obwieszczenie w sprawie wy\u0142o\u017cenia studium<\/a><br><a href=\"https:\/\/www.swietoszowice.pl\/wp-content\/uploads\/2014\/12\/20140731_Studium.pdf\">2014.07.31 &#8211; Pismo w sprawie Studium<\/a><br><a href=\"https:\/\/www.swietoszowice.pl\/wp-content\/uploads\/2014\/12\/20140825_Zam\u00f3wienie_Urz\u0105dze\u0144_Si\u0142ownia.pdf\">2014.08.25 &#8211; Zam\u00f3wienie urz\u0105dze\u0144 do si\u0142owni zewn\u0119trznej<\/a><br><a href=\"https:\/\/www.swietoszowice.pl\/wp-content\/uploads\/2014\/12\/20140904_Spotkanie_SP_TG.pdf\">2014.09.04 &#8211; Notatka ze spotkania w Starostwie Powiatowym w Tarnowskich G\u00f3rach<\/a><br><a href=\"https:\/\/www.swietoszowice.pl\/wp-content\/uploads\/2014\/12\/20140924_Wniosek_Bud\u017cet.pdf\">2014.09.24 &#8211; Wnioski do bud\u017cetu Gminy Zbros\u0142awice na 2015 r.<\/a><br><a href=\"https:\/\/www.swietoszowice.pl\/wp-content\/uploads\/2014\/12\/20141015_Zbycie_Nieruchomo\u015bci.pdf\">2014.10.15 &#8211; Pismo w sprawie sprzeda\u017cy nieruchomo\u015bci<\/a><br><a href=\"https:\/\/www.swietoszowice.pl\/wp-content\/uploads\/2014\/12\/20141029_Wiata_Wada.pdf\">2014.10.29 &#8211; Pismo w sprawie usuni\u0119cia wady wiaty na placu zabaw<\/a><br><a href=\"https:\/\/www.swietoszowice.pl\/wp-content\/uploads\/2020\/08\/20200715-SPTG-Mikulczycka.pdf\">2020.07.15 &#8211; Pismo SPTG Mikulczycka<\/a><br><a href=\"https:\/\/www.swietoszowice.pl\/wp-content\/uploads\/2020\/08\/20200709-PGWWP-Potok.pdf\">20200709-PGWWP-Potok<\/a><br><a href=\"https:\/\/www.swietoszowice.pl\/wp-content\/uploads\/2020\/08\/20200729-PGWWP.pdf\">20200729-PGWWP<\/a><br><a href=\"https:\/\/www.swietoszowice.pl\/wp-content\/uploads\/2020\/08\/20200805-UMZ-DK78.pdf\">20200805-UMZ-DK78<\/a><br><a href=\"https:\/\/www.swietoszowice.pl\/wp-content\/uploads\/2020\/08\/20200806-UGZ-Zebrania.pdf\">20200806-UGZ-Zebrania<\/a><br><a href=\"https:\/\/www.swietoszowice.pl\/wp-content\/uploads\/2020\/08\/20200806-ZDPTG-Inwestycje.pdf\">20200806-ZDPTG-Inwestycje<\/a><br><a href=\"https:\/\/www.swietoszowice.pl\/wp-content\/uploads\/2020\/08\/20200812-PGWWP-potok.pdf\">20200812-PGWWP-potok<\/a><br><a href=\"https:\/\/www.swietoszowice.pl\/wp-content\/uploads\/2020\/08\/20200811-UMZ-DK78.pdf\">20200811-UMZ-DK78<\/a><br><a href=\"https:\/\/www.swietoszowice.pl\/wp-content\/uploads\/2020\/08\/20200817-SPTG-Mikulczycka.pdf\">20200817-SPTG-Mikulczycka<\/a><br><a href=\"https:\/\/www.swietoszowice.pl\/wp-content\/uploads\/2020\/08\/20200815-UGZ-Inwestycje.pdf\">20200815-UGZ-Inwestycje<\/a><br><a href=\"https:\/\/www.swietoszowice.pl\/wp-content\/uploads\/2020\/09\/notatka-ze-spotkania-w-sprawie-remontu-ulicy-Mikulczyckiej-w-Swietoszowicach.pdf\">20200902-Notatka ze spotkania w sprawie remontu ulicy Mikulczyckiej w \u015awi\u0119toszowicach<\/a><br><a href=\"https:\/\/www.swietoszowice.pl\/wp-content\/uploads\/2020\/09\/20200814-List-Prezesa-Rady-Ministrow.pdf\">20200814 List Prezesa Rady Ministr\u00f3w<\/a><br><a href=\"https:\/\/www.swietoszowice.pl\/wp-content\/uploads\/2020\/09\/20200921-Odpowiedz-w-sprawie-potoku-Swietoszowickiego.pdf\">20200921 Odpowied\u017a w sprawie potoku \u015awi\u0119toszowickiego<\/a><\/p>\n\n\n<p><\/p>\n","protected":false},"excerpt":{"rendered":"<p>So\u0142tys: Krzysztof Kowolik Sk\u0142ad Rady So\u0142eckiej: Andrzej Bobe\u0142 Katarzyna Cichorowska Damian Michalik Henryk Malon Krystian Suchanek Irena \u015awierzy\u0144ska Dy\u017cur: &nbsp; Kontakt &#8211;&nbsp;Formularz kontaktowy Korespondencja: 2009070820090720200909232009110620111121_i_Inne201205222013101820131024201401142014.01.09 &#8211; Odpowied\u017a Mariana Szukalskiego w sprawie ulicy Mikulczyckiej2014.02.04 &#8211; Projekt zapytania ofertowego &#8211; wiata2014.02.04 &#8211; Zapytanie ofertowe &#8211; wiata2014.02.11 &#8211; Pismo w sprawie ulicy Mikulczyckiej2014.02.17 &#8211; Oferta na wykonanie wiaty2014.03.01 &hellip; <a href=\"https:\/\/www.swietoszowice.pl\/?page_id=177\" class=\"more-link\">Czytaj dalej <span class=\"screen-reader-text\">Rada So\u0142ecka<\/span> <span class=\"meta-nav\">&rarr;<\/span><\/a><\/p>\n","protected":false},"author":4,"featured_media":0,"parent":0,"menu_order":0,"comment_status":"closed","ping_status":"open","template":"","meta":{"ngg_post_thumbnail":0,"footnotes":""},"class_list":["post-177","page","type-page","status-publish","hentry"],"jetpack_sharing_enabled":true,"_links":{"self":[{"href":"https:\/\/www.swietoszowice.pl\/index.php?rest_route=\/wp\/v2\/pages\/177","targetHints":{"allow":["GET"]}}],"collection":[{"href":"https:\/\/www.swietoszowice.pl\/index.php?rest_route=\/wp\/v2\/pages"}],"about":[{"href":"https:\/\/www.swietoszowice.pl\/index.php?rest_route=\/wp\/v2\/types\/page"}],"author":[{"embeddable":true,"href":"https:\/\/www.swietoszowice.pl\/index.php?rest_route=\/wp\/v2\/users\/4"}],"replies":[{"embeddable":true,"href":"https:\/\/www.swietoszowice.pl\/index.php?rest_route=%2Fwp%2Fv2%2Fcomments&post=177"}],"version-history":[{"count":39,"href":"https:\/\/www.swietoszowice.pl\/index.php?rest_route=\/wp\/v2\/pages\/177\/revisions"}],"predecessor-version":[{"id":2267,"href":"https:\/\/www.swietoszowice.pl\/index.php?rest_route=\/wp\/v2\/pages\/177\/revisions\/2267"}],"wp:attachment":[{"href":"https:\/\/www.swietoszowice.pl\/index.php?rest_route=%2Fwp%2Fv2%2Fmedia&parent=177"}],"curies":[{"name":"wp","href":"https:\/\/api.w.org\/{rel}","templated":true}]}}