{"id":233,"date":"2014-08-26T10:53:02","date_gmt":"2014-08-26T08:53:02","guid":{"rendered":"http:\/\/www.swietoszowice.pl\/?page_id=233"},"modified":"2019-08-13T08:15:54","modified_gmt":"2019-08-13T06:15:54","slug":"firmy","status":"publish","type":"page","link":"https:\/\/www.swietoszowice.pl\/?page_id=233","title":{"rendered":"Firmy, instytucje"},"content":{"rendered":"<p><strong>Ochotnicza Stra\u017c Po\u017carna w \u015awi\u0119toszowicach&nbsp;<\/strong><br \/>\n<strong>na <a title=\"Ochotnicza Stra\u017c Po\u017carna w \u015awi\u0119toszowicach\" href=\"http:\/\/www.osp.com.pl\/slaskie\/tarnogorski\/Zbroslawice\/OSP-Swietoszowice\" target=\"_blank\" rel=\"noopener noreferrer\">www.osp.com.pl<\/a>&nbsp;i na <a title=\"Ochotnicza Stra\u017c Po\u017carna w \u015awi\u0119toszowicach\" href=\"https:\/\/www.facebook.com\/pages\/OSP-%C5%9Awi%C4%99toszowice\/131812566889131?sk=info\" target=\"_blank\" rel=\"noopener noreferrer\">Facebooku<\/a><\/strong><br \/>\nul. Mikulczycka 93A<br \/>\n\u015awi\u0119toszowice<br \/>\n42-675 Zbros\u0142awice<a href=\"https:\/\/www.swietoszowice.pl\/wp-content\/uploads\/2014\/07\/1017105_486795798057471_1364292006_n1.jpg\"><img loading=\"lazy\" decoding=\"async\" class=\"alignright size-full wp-image-255\" src=\"https:\/\/www.swietoszowice.pl\/wp-content\/uploads\/2014\/07\/1017105_486795798057471_1364292006_n1.jpg\" alt=\"1017105_486795798057471_1364292006_n\" width=\"160\" height=\"160\" srcset=\"https:\/\/www.swietoszowice.pl\/wp-content\/uploads\/2014\/07\/1017105_486795798057471_1364292006_n1.jpg 160w, https:\/\/www.swietoszowice.pl\/wp-content\/uploads\/2014\/07\/1017105_486795798057471_1364292006_n1-150x150.jpg 150w\" sizes=\"auto, (max-width: 160px) 100vw, 160px\" \/><\/a><br \/>\n<strong>Telefon: <\/strong><br \/>\n697-373-557<br \/>\n504-238-244<\/p>\n<p><strong>E-mail: <\/strong><br \/>\n<a href=\"mailto:danielkucharczyk@op.pl\">danielkucharczyk@op.pl<\/a><br \/>\n<a href=\"mailto:darekchludzinski@onet.pl\">darekchludzinski@onet.pl <\/a><\/p>\n<hr>\n<p><strong><a title=\"Gminne Przedszkole nr 4 w \u015awi\u0119toszowicach\" href=\"http:\/\/przedszkoleswietoszowice.edupage.org\/?\" target=\"_blank\" rel=\"noopener noreferrer\">Gminne Przedszkole nr 4 w \u015awi\u0119toszowicach<\/a><\/strong><br \/>\nUl. Mikulczycka 89<br \/>\n\u015awi\u0119toszowice<br \/>\n42-675 Zbros\u0142awice<br \/>\n<strong>Telefon:<\/strong><br \/>\n(32) 233-69-17<br \/>\n<strong>E-mail:<\/strong><br \/>\n<a href=\"mailto:przedszkolenr4@o2.pl\">przedszkolenr4@o2.pl<\/a><\/p>\n<p><strong>Poni\u017cej podajemy linki\/dane kontaktowe firm mieszcz\u0105cych si\u0119 w naszej miejscowo\u015bci.<\/strong><\/p>\n<p>Czasami &#8222;cudze chwalicie, swego nie znacie&#8221;.<\/p>\n<p>BAR &#8222;ROZDRO\u017bE&#8221; Elfryda Grala<br \/>\nul. Mikulczycka 158, 42-675 \u015awi\u0119toszowice<br \/>\ntel. 32 2336827<\/p>\n<p>Cukiernia &#8211; Piekarnia Walter Biskupek<br \/>\nul. Mikulczycka 100, 42-675 \u015awi\u0119toszowice<br \/>\ntel. 32 2336834<\/p>\n<p>BLACHARSTWO SAMOCHODOWE Ariel Kirszniok<br \/>\nul. Mikulczycka 138, 42-675 \u015awi\u0119toszowice<br \/>\ntel. 601308508<\/p>\n<p>Firma Budowlano-Handlowa &#8222;ROBUD&#8221; &nbsp;Karin Rojowiec<br \/>\nul. Mikulczycka 58, 42-675 \u015awi\u0119toszowice<br \/>\nfbh.robud@op.pl<br \/>\ntel. 32 2336871<\/p>\n<p><a href=\"http:\/\/www.gebomsa.com\/pl\/strona-domowa\/\">GEBOMSA POLSKA Sp. z o.o.<\/a><\/p>\n<p>GOSPODARSTWO ROLNE Mike Janusz<br \/>\nul. Mikulczycka 130, 42-675 \u015awi\u0119toszowice<br \/>\ntel. 32 7203648<\/p>\n<p><a href=\"http:\/\/lajon.com.pl\/\">&#8222;LAJON&#8221; Tadeusz Zaj\u0105c Sp.j<\/a><\/p>\n<p>&#8222;OLINEX&#8221; S.C. Krystian Myrcik; Agnieszka Budzik<br \/>\nul. Mikulczycka 27, 42-675 \u015awi\u0119toszowice<br \/>\ntel. 32 2306589<\/p>\n<p><a href=\"http:\/\/www.pcpartners.pl\/\">PC Partners Sp. z o.o.<\/a><\/p>\n<p>TEMS-DOM Biuro Inwestycyjne mgr Leszek Sm\u0119t<br \/>\nul. Mikulczycka 20, 42-675 \u015awi\u0119toszowice<br \/>\nsmetl@wp.pl<br \/>\ntel. 601413523<\/p>\n<p><a href=\"http:\/\/www.uslugitechniczne.pl\/firma\">US\u0141UGI TECHNICZNE Marcin Jendrysik<\/a><\/p>\n<p><a href=\"http:\/\/www.zs-wojtasik.pl\/\">ZAK\u0141AD \u015aLUSARSKI J\u00d3ZEF WOJTASIK<\/a><\/p>\n<p>Zak\u0142ad Us\u0142ug Teletechnicznych VOLTAN S.C.<br \/>\nul. Wolno\u015bci 35, 42-674 Zbros\u0142awice<br \/>\ntel. 601923009<\/p>\n<p>&nbsp;<\/p>\n","protected":false},"excerpt":{"rendered":"<p>Ochotnicza Stra\u017c Po\u017carna w \u015awi\u0119toszowicach&nbsp; na www.osp.com.pl&nbsp;i na Facebooku ul. Mikulczycka 93A \u015awi\u0119toszowice 42-675 Zbros\u0142awice Telefon: 697-373-557 504-238-244 E-mail: danielkucharczyk@op.pl darekchludzinski@onet.pl Gminne Przedszkole nr 4 w \u015awi\u0119toszowicach Ul. Mikulczycka 89 \u015awi\u0119toszowice 42-675 Zbros\u0142awice Telefon: (32) 233-69-17 E-mail: przedszkolenr4@o2.pl Poni\u017cej podajemy linki\/dane kontaktowe firm mieszcz\u0105cych si\u0119 w naszej miejscowo\u015bci. Czasami &#8222;cudze chwalicie, swego nie znacie&#8221;. BAR &hellip; <a href=\"https:\/\/www.swietoszowice.pl\/?page_id=233\" class=\"more-link\">Czytaj dalej <span class=\"screen-reader-text\">Firmy, instytucje<\/span> <span class=\"meta-nav\">&rarr;<\/span><\/a><\/p>\n","protected":false},"author":5,"featured_media":0,"parent":0,"menu_order":0,"comment_status":"closed","ping_status":"closed","template":"","meta":{"ngg_post_thumbnail":0,"footnotes":""},"class_list":["post-233","page","type-page","status-publish","hentry"],"jetpack_sharing_enabled":true,"_links":{"self":[{"href":"https:\/\/www.swietoszowice.pl\/index.php?rest_route=\/wp\/v2\/pages\/233","targetHints":{"allow":["GET"]}}],"collection":[{"href":"https:\/\/www.swietoszowice.pl\/index.php?rest_route=\/wp\/v2\/pages"}],"about":[{"href":"https:\/\/www.swietoszowice.pl\/index.php?rest_route=\/wp\/v2\/types\/page"}],"author":[{"embeddable":true,"href":"https:\/\/www.swietoszowice.pl\/index.php?rest_route=\/wp\/v2\/users\/5"}],"replies":[{"embeddable":true,"href":"https:\/\/www.swietoszowice.pl\/index.php?rest_route=%2Fwp%2Fv2%2Fcomments&post=233"}],"version-history":[{"count":21,"href":"https:\/\/www.swietoszowice.pl\/index.php?rest_route=\/wp\/v2\/pages\/233\/revisions"}],"predecessor-version":[{"id":2195,"href":"https:\/\/www.swietoszowice.pl\/index.php?rest_route=\/wp\/v2\/pages\/233\/revisions\/2195"}],"wp:attachment":[{"href":"https:\/\/www.swietoszowice.pl\/index.php?rest_route=%2Fwp%2Fv2%2Fmedia&parent=233"}],"curies":[{"name":"wp","href":"https:\/\/api.w.org\/{rel}","templated":true}]}}