{"id":42,"date":"2014-07-01T12:55:02","date_gmt":"2014-07-01T10:55:02","guid":{"rendered":"http:\/\/localhost\/wordpress\/?page_id=42"},"modified":"2014-10-13T11:22:40","modified_gmt":"2014-10-13T09:22:40","slug":"wesole-kumoszki","status":"publish","type":"page","link":"https:\/\/www.swietoszowice.pl\/?page_id=42","title":{"rendered":"Weso\u0142e Kumoszki"},"content":{"rendered":"<p>\t<div class=\"ngg-albumoverview\">\n\t\t\t\t\t<div class=\"ngg-album-compact\">\n\t\t\t\t<div class=\"ngg-album-compactbox\">\n\t\t\t\t\t<div class=\"ngg-album-link\">\n\t\t\t\t\t\t\t\t\t\t\t\t\t<a title='2003 Na Jadwigafe\u015bcie' href='https:\/\/www.swietoszowice.pl\/index.php\/nggallery\/wesole-kumoszki\/2003-wesole-kumoszki-na-jadwigafescie?page_id=42'>\n\t\t\t\t\t\t\t\t<img class=\"Thumb\"\n\t\t\t\t\t\t\t\t\talt=\"2003 Na Jadwigafe\u015bcie\"\n\t\t\t\t\t\t\t\t\tsrc=\"https:\/\/www.swietoszowice.pl\/wp-content\/gallery\/2003-wesole-kumoszki-na-jadwigafescie\/cache\/IM000051.JPG-nggid03133-ngg0dyn-91x68-00f0w010c011r110f110r010t010.JPG\"\/>\n\t\t\t\t\t\t\t<\/a>\n\t\t\t\t\t\t\t\t\t\t\t<\/div>\n\t\t\t\t<\/div>\n\t\t\t\t\t\t\t\t<h4>\n\t\t\t\t\t<a class='ngg-album-desc'\n\t\t\t\t\t\ttitle='2003 Na Jadwigafe\u015bcie' href='https:\/\/www.swietoszowice.pl\/index.php\/nggallery\/wesole-kumoszki\/2003-wesole-kumoszki-na-jadwigafescie?page_id=42'style=\"max-width: 111px\"\t\t\t\t\t>\n\t\t\t\t\t\t2003 Na Jadwigafe\u015bcie\t\t\t\t\t<\/a>\n\t\t\t\t<\/h4>\n\t\t\t\t<p class=\"ngg-album-gallery-image-counter\">\n\t\t\t\t\t\t\t\t\t\t\t<strong>3<\/strong>&nbsp;Zdj\u0119\u0107\t\t\t\t\t\t\t\t\t<\/p>\n\t\t\t<\/div>\n\t\t\t\t\t<div class=\"ngg-album-compact\">\n\t\t\t\t<div class=\"ngg-album-compactbox\">\n\t\t\t\t\t<div class=\"ngg-album-link\">\n\t\t\t\t\t\t\t\t\t\t\t\t\t<a title='2004 Jadwigafest' href='https:\/\/www.swietoszowice.pl\/index.php\/nggallery\/wesole-kumoszki\/2004-wesole-kumoszki-na-jadwigafescie?page_id=42'>\n\t\t\t\t\t\t\t\t<img class=\"Thumb\"\n\t\t\t\t\t\t\t\t\talt=\"2004 Jadwigafest\"\n\t\t\t\t\t\t\t\t\tsrc=\"https:\/\/www.swietoszowice.pl\/wp-content\/gallery\/2004-wesole-kumoszki-na-jadwigafescie\/cache\/IM000022.JPG-nggid03147-ngg0dyn-91x68-00f0w010c011r110f110r010t010.JPG\"\/>\n\t\t\t\t\t\t\t<\/a>\n\t\t\t\t\t\t\t\t\t\t\t<\/div>\n\t\t\t\t<\/div>\n\t\t\t\t\t\t\t\t<h4>\n\t\t\t\t\t<a class='ngg-album-desc'\n\t\t\t\t\t\ttitle='2004 Jadwigafest' href='https:\/\/www.swietoszowice.pl\/index.php\/nggallery\/wesole-kumoszki\/2004-wesole-kumoszki-na-jadwigafescie?page_id=42'style=\"max-width: 111px\"\t\t\t\t\t>\n\t\t\t\t\t\t2004 Jadwigafest\t\t\t\t\t<\/a>\n\t\t\t\t<\/h4>\n\t\t\t\t<p class=\"ngg-album-gallery-image-counter\">\n\t\t\t\t\t\t\t\t\t\t\t<strong>5<\/strong>&nbsp;Zdj\u0119\u0107\t\t\t\t\t\t\t\t\t<\/p>\n\t\t\t<\/div>\n\t\t\t\t\t<div class=\"ngg-album-compact\">\n\t\t\t\t<div class=\"ngg-album-compactbox\">\n\t\t\t\t\t<div class=\"ngg-album-link\">\n\t\t\t\t\t\t\t\t\t\t\t\t\t<a title='2005 Korona \u017bniwna' href='https:\/\/www.swietoszowice.pl\/index.php\/nggallery\/wesole-kumoszki\/2005-korona-zniwna?page_id=42'>\n\t\t\t\t\t\t\t\t<img class=\"Thumb\"\n\t\t\t\t\t\t\t\t\talt=\"2005 Korona \u017bniwna\"\n\t\t\t\t\t\t\t\t\tsrc=\"https:\/\/www.swietoszowice.pl\/wp-content\/gallery\/2005-korona-zniwna\/cache\/IM000002.JPG-nggid03198-ngg0dyn-91x68-00f0w010c011r110f110r010t010.JPG\"\/>\n\t\t\t\t\t\t\t<\/a>\n\t\t\t\t\t\t\t\t\t\t\t<\/div>\n\t\t\t\t<\/div>\n\t\t\t\t\t\t\t\t<h4>\n\t\t\t\t\t<a class='ngg-album-desc'\n\t\t\t\t\t\ttitle='2005 Korona \u017bniwna' href='https:\/\/www.swietoszowice.pl\/index.php\/nggallery\/wesole-kumoszki\/2005-korona-zniwna?page_id=42'style=\"max-width: 111px\"\t\t\t\t\t>\n\t\t\t\t\t\t2005 Korona \u017bniwna\t\t\t\t\t<\/a>\n\t\t\t\t<\/h4>\n\t\t\t\t<p class=\"ngg-album-gallery-image-counter\">\n\t\t\t\t\t\t\t\t\t\t\t<strong>8<\/strong>&nbsp;Zdj\u0119\u0107\t\t\t\t\t\t\t\t\t<\/p>\n\t\t\t<\/div>\n\t\t\t\t\t<div class=\"ngg-album-compact\">\n\t\t\t\t<div class=\"ngg-album-compactbox\">\n\t\t\t\t\t<div class=\"ngg-album-link\">\n\t\t\t\t\t\t\t\t\t\t\t\t\t<a title='2006 Korona \u017bniwna' href='https:\/\/www.swietoszowice.pl\/index.php\/nggallery\/wesole-kumoszki\/2006-korona-zniwna?page_id=42'>\n\t\t\t\t\t\t\t\t<img class=\"Thumb\"\n\t\t\t\t\t\t\t\t\talt=\"2006 Korona \u017bniwna\"\n\t\t\t\t\t\t\t\t\tsrc=\"https:\/\/www.swietoszowice.pl\/wp-content\/gallery\/2006-korona-zniwna\/cache\/IM000145.JPG-nggid03220-ngg0dyn-91x68-00f0w010c011r110f110r010t010.JPG\"\/>\n\t\t\t\t\t\t\t<\/a>\n\t\t\t\t\t\t\t\t\t\t\t<\/div>\n\t\t\t\t<\/div>\n\t\t\t\t\t\t\t\t<h4>\n\t\t\t\t\t<a class='ngg-album-desc'\n\t\t\t\t\t\ttitle='2006 Korona \u017bniwna' href='https:\/\/www.swietoszowice.pl\/index.php\/nggallery\/wesole-kumoszki\/2006-korona-zniwna?page_id=42'style=\"max-width: 111px\"\t\t\t\t\t>\n\t\t\t\t\t\t2006 Korona \u017bniwna\t\t\t\t\t<\/a>\n\t\t\t\t<\/h4>\n\t\t\t\t<p class=\"ngg-album-gallery-image-counter\">\n\t\t\t\t\t\t\t\t\t\t\t<strong>14<\/strong>&nbsp;Zdj\u0119\u0107\t\t\t\t\t\t\t\t\t<\/p>\n\t\t\t<\/div>\n\t\t\t\t\t<div class=\"ngg-album-compact\">\n\t\t\t\t<div class=\"ngg-album-compactbox\">\n\t\t\t\t\t<div class=\"ngg-album-link\">\n\t\t\t\t\t\t\t\t\t\t\t\t\t<a title='2006 Jadwigafest' href='https:\/\/www.swietoszowice.pl\/index.php\/nggallery\/wesole-kumoszki\/2006-wesole-kumoszki-na-jadwigafescie?page_id=42'>\n\t\t\t\t\t\t\t\t<img class=\"Thumb\"\n\t\t\t\t\t\t\t\t\talt=\"2006 Jadwigafest\"\n\t\t\t\t\t\t\t\t\tsrc=\"https:\/\/www.swietoszowice.pl\/wp-content\/gallery\/2006-wesole-kumoszki-na-jadwigafescie\/cache\/IM000002.JPG-nggid03237-ngg0dyn-91x68-00f0w010c011r110f110r010t010.JPG\"\/>\n\t\t\t\t\t\t\t<\/a>\n\t\t\t\t\t\t\t\t\t\t\t<\/div>\n\t\t\t\t<\/div>\n\t\t\t\t\t\t\t\t<h4>\n\t\t\t\t\t<a class='ngg-album-desc'\n\t\t\t\t\t\ttitle='2006 Jadwigafest' href='https:\/\/www.swietoszowice.pl\/index.php\/nggallery\/wesole-kumoszki\/2006-wesole-kumoszki-na-jadwigafescie?page_id=42'style=\"max-width: 111px\"\t\t\t\t\t>\n\t\t\t\t\t\t2006 Jadwigafest\t\t\t\t\t<\/a>\n\t\t\t\t<\/h4>\n\t\t\t\t<p class=\"ngg-album-gallery-image-counter\">\n\t\t\t\t\t\t\t\t\t\t\t<strong>26<\/strong>&nbsp;Zdj\u0119\u0107\t\t\t\t\t\t\t\t\t<\/p>\n\t\t\t<\/div>\n\t\t\t\t\t<div class=\"ngg-album-compact\">\n\t\t\t\t<div class=\"ngg-album-compactbox\">\n\t\t\t\t\t<div class=\"ngg-album-link\">\n\t\t\t\t\t\t\t\t\t\t\t\t\t<a title='2006 T\u0105pkowice' href='https:\/\/www.swietoszowice.pl\/index.php\/nggallery\/wesole-kumoszki\/2006-wesole-kumoszki-w-tapkowicach?page_id=42'>\n\t\t\t\t\t\t\t\t<img class=\"Thumb\"\n\t\t\t\t\t\t\t\t\talt=\"2006 T\u0105pkowice\"\n\t\t\t\t\t\t\t\t\tsrc=\"https:\/\/www.swietoszowice.pl\/wp-content\/gallery\/2006-wesole-kumoszki-w-tapkowicach\/cache\/IM000002.JPG-nggid03263-ngg0dyn-91x68-00f0w010c011r110f110r010t010.JPG\"\/>\n\t\t\t\t\t\t\t<\/a>\n\t\t\t\t\t\t\t\t\t\t\t<\/div>\n\t\t\t\t<\/div>\n\t\t\t\t\t\t\t\t<h4>\n\t\t\t\t\t<a class='ngg-album-desc'\n\t\t\t\t\t\ttitle='2006 T\u0105pkowice' href='https:\/\/www.swietoszowice.pl\/index.php\/nggallery\/wesole-kumoszki\/2006-wesole-kumoszki-w-tapkowicach?page_id=42'style=\"max-width: 111px\"\t\t\t\t\t>\n\t\t\t\t\t\t2006 T\u0105pkowice\t\t\t\t\t<\/a>\n\t\t\t\t<\/h4>\n\t\t\t\t<p class=\"ngg-album-gallery-image-counter\">\n\t\t\t\t\t\t\t\t\t\t\t<strong>31<\/strong>&nbsp;Zdj\u0119\u0107\t\t\t\t\t\t\t\t\t<\/p>\n\t\t\t<\/div>\n\t\t\t\t\t<div class=\"ngg-album-compact\">\n\t\t\t\t<div class=\"ngg-album-compactbox\">\n\t\t\t\t\t<div class=\"ngg-album-link\">\n\t\t\t\t\t\t\t\t\t\t\t\t\t<a title='2007 Jadwigafest' href='https:\/\/www.swietoszowice.pl\/index.php\/nggallery\/wesole-kumoszki\/2007-jadwigafest?page_id=42'>\n\t\t\t\t\t\t\t\t<img class=\"Thumb\"\n\t\t\t\t\t\t\t\t\talt=\"2007 Jadwigafest\"\n\t\t\t\t\t\t\t\t\tsrc=\"https:\/\/www.swietoszowice.pl\/wp-content\/gallery\/2007-jadwigafest\/cache\/Photo-4911.JPG-nggid03300-ngg0dyn-91x68-00f0w010c011r110f110r010t010.JPG\"\/>\n\t\t\t\t\t\t\t<\/a>\n\t\t\t\t\t\t\t\t\t\t\t<\/div>\n\t\t\t\t<\/div>\n\t\t\t\t\t\t\t\t<h4>\n\t\t\t\t\t<a class='ngg-album-desc'\n\t\t\t\t\t\ttitle='2007 Jadwigafest' href='https:\/\/www.swietoszowice.pl\/index.php\/nggallery\/wesole-kumoszki\/2007-jadwigafest?page_id=42'style=\"max-width: 111px\"\t\t\t\t\t>\n\t\t\t\t\t\t2007 Jadwigafest\t\t\t\t\t<\/a>\n\t\t\t\t<\/h4>\n\t\t\t\t<p class=\"ngg-album-gallery-image-counter\">\n\t\t\t\t\t\t\t\t\t\t\t<strong>16<\/strong>&nbsp;Zdj\u0119\u0107\t\t\t\t\t\t\t\t\t<\/p>\n\t\t\t<\/div>\n\t\t\t\t\t<div class=\"ngg-album-compact\">\n\t\t\t\t<div class=\"ngg-album-compactbox\">\n\t\t\t\t\t<div class=\"ngg-album-link\">\n\t\t\t\t\t\t\t\t\t\t\t\t\t<a title='2007 T\u0105pkowice' href='https:\/\/www.swietoszowice.pl\/index.php\/nggallery\/wesole-kumoszki\/2007-tapkowice?page_id=42'>\n\t\t\t\t\t\t\t\t<img class=\"Thumb\"\n\t\t\t\t\t\t\t\t\talt=\"2007 T\u0105pkowice\"\n\t\t\t\t\t\t\t\t\tsrc=\"https:\/\/www.swietoszowice.pl\/wp-content\/gallery\/2007-tapkowice\/cache\/HPIM0669.JPG-nggid03316-ngg0dyn-91x68-00f0w010c011r110f110r010t010.JPG\"\/>\n\t\t\t\t\t\t\t<\/a>\n\t\t\t\t\t\t\t\t\t\t\t<\/div>\n\t\t\t\t<\/div>\n\t\t\t\t\t\t\t\t<h4>\n\t\t\t\t\t<a class='ngg-album-desc'\n\t\t\t\t\t\ttitle='2007 T\u0105pkowice' href='https:\/\/www.swietoszowice.pl\/index.php\/nggallery\/wesole-kumoszki\/2007-tapkowice?page_id=42'style=\"max-width: 111px\"\t\t\t\t\t>\n\t\t\t\t\t\t2007 T\u0105pkowice\t\t\t\t\t<\/a>\n\t\t\t\t<\/h4>\n\t\t\t\t<p class=\"ngg-album-gallery-image-counter\">\n\t\t\t\t\t\t\t\t\t\t\t<strong>15<\/strong>&nbsp;Zdj\u0119\u0107\t\t\t\t\t\t\t\t\t<\/p>\n\t\t\t<\/div>\n\t\t\t\t\t<div class=\"ngg-album-compact\">\n\t\t\t\t<div class=\"ngg-album-compactbox\">\n\t\t\t\t\t<div class=\"ngg-album-link\">\n\t\t\t\t\t\t\t\t\t\t\t\t\t<a title='2011 Korona - przygotowania' href='https:\/\/www.swietoszowice.pl\/index.php\/nggallery\/wesole-kumoszki\/2011-korona-przygotowania?page_id=42'>\n\t\t\t\t\t\t\t\t<img class=\"Thumb\"\n\t\t\t\t\t\t\t\t\talt=\"2011 Korona - przygotowania\"\n\t\t\t\t\t\t\t\t\tsrc=\"https:\/\/www.swietoszowice.pl\/wp-content\/gallery\/2011-korona-przygotowania\/cache\/Obraz-249.jpg-nggid03353-ngg0dyn-91x68-00f0w010c011r110f110r010t010.jpg\"\/>\n\t\t\t\t\t\t\t<\/a>\n\t\t\t\t\t\t\t\t\t\t\t<\/div>\n\t\t\t\t<\/div>\n\t\t\t\t\t\t\t\t<h4>\n\t\t\t\t\t<a class='ngg-album-desc'\n\t\t\t\t\t\ttitle='2011 Korona - przygotowania' href='https:\/\/www.swietoszowice.pl\/index.php\/nggallery\/wesole-kumoszki\/2011-korona-przygotowania?page_id=42'style=\"max-width: 111px\"\t\t\t\t\t>\n\t\t\t\t\t\t2011 Korona - przygotowania\t\t\t\t\t<\/a>\n\t\t\t\t<\/h4>\n\t\t\t\t<p class=\"ngg-album-gallery-image-counter\">\n\t\t\t\t\t\t\t\t\t\t\t<strong>6<\/strong>&nbsp;Zdj\u0119\u0107\t\t\t\t\t\t\t\t\t<\/p>\n\t\t\t<\/div>\n\t\t\t\t<br class=\"ngg-clear\"\/>\n\t\t<div class='ngg-clear'><\/div>\t<\/div>\n<\/p>\n","protected":false},"excerpt":{"rendered":"<p>2003 Na Jadwigafe\u015bcie 3&nbsp;Zdj\u0119\u0107 2004 Jadwigafest 5&nbsp;Zdj\u0119\u0107 2005 Korona \u017bniwna 8&nbsp;Zdj\u0119\u0107 2006 Korona \u017bniwna 14&nbsp;Zdj\u0119\u0107 2006 Jadwigafest 26&nbsp;Zdj\u0119\u0107 2006 T\u0105pkowice 31&nbsp;Zdj\u0119\u0107 2007 Jadwigafest 16&nbsp;Zdj\u0119\u0107 2007 T\u0105pkowice 15&nbsp;Zdj\u0119\u0107 2011 Korona &#8211; przygotowania 6&nbsp;Zdj\u0119\u0107<\/p>\n","protected":false},"author":4,"featured_media":0,"parent":0,"menu_order":0,"comment_status":"closed","ping_status":"closed","template":"","meta":{"ngg_post_thumbnail":0,"footnotes":""},"class_list":["post-42","page","type-page","status-publish","hentry"],"jetpack_sharing_enabled":true,"_links":{"self":[{"href":"https:\/\/www.swietoszowice.pl\/index.php?rest_route=\/wp\/v2\/pages\/42","targetHints":{"allow":["GET"]}}],"collection":[{"href":"https:\/\/www.swietoszowice.pl\/index.php?rest_route=\/wp\/v2\/pages"}],"about":[{"href":"https:\/\/www.swietoszowice.pl\/index.php?rest_route=\/wp\/v2\/types\/page"}],"author":[{"embeddable":true,"href":"https:\/\/www.swietoszowice.pl\/index.php?rest_route=\/wp\/v2\/users\/4"}],"replies":[{"embeddable":true,"href":"https:\/\/www.swietoszowice.pl\/index.php?rest_route=%2Fwp%2Fv2%2Fcomments&post=42"}],"version-history":[{"count":4,"href":"https:\/\/www.swietoszowice.pl\/index.php?rest_route=\/wp\/v2\/pages\/42\/revisions"}],"predecessor-version":[{"id":843,"href":"https:\/\/www.swietoszowice.pl\/index.php?rest_route=\/wp\/v2\/pages\/42\/revisions\/843"}],"wp:attachment":[{"href":"https:\/\/www.swietoszowice.pl\/index.php?rest_route=%2Fwp%2Fv2%2Fmedia&parent=42"}],"curies":[{"name":"wp","href":"https:\/\/api.w.org\/{rel}","templated":true}]}}